{"id":2,"date":"2023-02-03T12:01:14","date_gmt":"2023-02-03T12:01:14","guid":{"rendered":"https:\/\/klima-takaritas.hu\/?page_id=2"},"modified":"2023-05-30T11:42:07","modified_gmt":"2023-05-30T11:42:07","slug":"bemutatkozas","status":"publish","type":"page","link":"https:\/\/klima-takaritas.hu\/","title":{"rendered":""},"content":{"rendered":"\n<h2 class=\"wp-block-heading\" id=\"bemutatkozas\"><strong>Bemutatkoz\u00e1s<\/strong><\/h2>\n\n\n\n<p>\u00c9n vagyok az a szakember, aki seg\u00edt abban, hogy kl\u00edm\u00e1d mindig tiszta \u00e9s hat\u00e9kony legyen. V\u00e1llalkoz\u00e1som a kl\u00edm\u00e1k tiszt\u00edt\u00e1s\u00e1ra specializ\u00e1l\u00f3dott, \u00e9s seg\u00edtek az \u00fcgyfeleimnek abban, hogy a l\u00e9gkondicion\u00e1l\u00f3juk mindig a lehet\u0151 legjobb hat\u00e1sfokkal m\u0171k\u00f6dj\u00f6n.<\/p>\n\n\n\n<p>A kl\u00edma rendszeres tiszt\u00edt\u00e1sa kulcsfontoss\u00e1g\u00fa a hat\u00e9kony m\u0171k\u00f6d\u00e9s\u00e9hez, \u00e9s sz\u00e1mos el\u0151nnyel j\u00e1r. A takar\u00edtatlan kl\u00edmaberendez\u00e9sek nagym\u00e9rt\u00e9kben <strong>terjeszthetik a port, allerg\u00e9n anyagokat \u00e9s bakt\u00e9riumokat<\/strong>, amelyek s\u00falyos <strong>eg\u00e9szs\u00e9g\u00fcgyi probl\u00e9m\u00e1kat okozhatnak<\/strong>. R\u00e1ad\u00e1sul az elt\u00f6m\u0151d\u00f6tt sz\u0171r\u0151k \u00e9s h\u0171t\u0151elemek cs\u00f6kkenthetik a kl\u00edma hat\u00e9konys\u00e1g\u00e1t, ami n\u00f6velheti az energiafogyaszt\u00e1st. Ezenfel\u00fcl a lerak\u00f3dott szennyez\u0151d\u00e9sek r\u00e9v\u00e9n <strong>kellemetlen szag<\/strong>ot \u00e1raszthat a berendez\u00e9s.<\/p>\n\n\n\n<p class=\"has-medium-font-size\" id=\"hasznos-info\"><strong>Milyen kl\u00edmatiszt\u00edt\u00e1si elj\u00e1r\u00e1sok l\u00e9teznek?<\/strong><\/p>\n\n\n\n<p><span style=\"text-decoration: underline;\">A kl\u00edmatiszt\u00edt\u00e1snak k\u00e9t m\u00f3dszere terjedt e<\/span>l:<\/p>\n\n\n\n<p>Az els\u0151 \u2013 \u00e9s sajnos Magyarorsz\u00e1gon a mai napig legelterjedtebb &#8211; m\u00f3dszer a \u201e<em><span style=\"text-decoration: underline;\">f\u00fajk\u00e1l\u00f3s<\/span><\/em>&#8221; vagy \u201e<em><span style=\"text-decoration: underline;\">spriccel\u0151s<\/span><\/em>\u201d nevet visel\u0151 elj\u00e1r\u00e1s, aminek a l\u00e9nyege, hogy a kl\u00edm\u00e1ba fert\u0151tlen\u00edt\u0151szert spriccelnek, majd az ott kifejti hat\u00e1s\u00e1t. Ennek a m\u00f3dszernek a nagy h\u00e1tr\u00e1nya, hogy a lerak\u00f3dott szennyez\u0151d\u00e9s nem t\u00e1vozik a rendszerb\u0151l. Ezt az is igazolja, hogy a kl\u00edma lamell\u00e1in\u00e1l betekintve, szemmel l\u00e1that\u00f3an is szennyez\u0151d\u00f6tt marad a kl\u00edma bels\u0151tere.<\/p>\n\n\n\n<p>A m\u00e1sodik m\u00f3dszer &#8211; a k\u00fclf\u00f6ld\u00f6n m\u00e1r \u00e9vek \u00f3ta legelterjedtebb \u00e9s szerencs\u00e9re Magyarorsz\u00e1gon is elterjed\u0151ben l\u00e9v\u0151 &#8211; <strong><span style=\"text-decoration: underline;\">kl\u00edmamos\u00e1s<\/span><\/strong> n\u00e9ven ismert. Ennek a m\u00f3dszernek a l\u00e9nyege, hogy egy <strong>a l\u00e9gkond\u00edcion\u00e1l\u00f3kra tervezett mos\u00f3zs\u00e1k<\/strong>ot helyeznek a kl\u00edm\u00e1ra, majd a <strong>fert\u0151tlen\u00edt\u0151szer<\/strong> felvitel\u00e9t k\u00f6vet\u0151en, miut\u00e1n hat\u00e1s\u00e1t kifejtette, a rendszerb\u0151l egy <strong>speci\u00e1lis magasnyom\u00e1s\u00fa mos\u00f3<\/strong> seg\u00edts\u00e9g\u00e9vel elt\u00e1vol\u00edtj\u00e1k a szennyez\u0151d\u00e9st. A kl\u00edm\u00e1ra r\u00f6gz\u00edtett mos\u00f3zs\u00e1k megakad\u00e1lyozza a mos\u00e1s folyam\u00e1n haszn\u00e1lt v\u00edz nemk\u00edv\u00e1natos helyre val\u00f3 jut\u00e1s\u00e1t, \u00edgy nem kell tartani att\u00f3l, hogy vizes lesz a fal, valamint nem sz\u00fcks\u00e9ges a szoba berendez\u00e9si t\u00e1rgyait sem elmozgatni.<\/p>\n\n\n\n<p><strong><em>Fontos megjegyezni, hogy csak \u00e9s kiz\u00e1r\u00f3lag a kl\u00edmamos\u00e1s elj\u00e1r\u00e1s\u00e1t javaslom \u00e9s alkalmazom!<\/em><\/strong><\/p>\n\n\n\n<p class=\"has-medium-font-size\"><strong>Honnan tudhatod, hogy sz\u00fcks\u00e9ges m\u00e1r tiszt\u00edtani a kl\u00edm\u00e1t?<\/strong><\/p>\n\n\n\n<p>Extr\u00e9m esetekben a kl\u00edma lamell\u00e1in\u00e1l betekintve is <strong>szemmel l\u00e1that\u00f3<\/strong> a lerak\u00f3dott <strong>szennyez\u0151d\u00e9s<\/strong>. Ez mindenk\u00e9pp a kl\u00edmatiszt\u00edt\u00e1s sz\u00fcks\u00e9g\u00e9t jelzi. Tov\u00e1bbi &#8211; fizik\u00e1lisan is &#8211; \u00e9rz\u00e9kelhet\u0151 jel lehet a <strong>kellemetlen, dohos szag<\/strong>, illetve a kl\u00edma <strong>hat\u00e1sfok\u00e1nak cs\u00f6kken\u00e9se<\/strong>.<\/p>\n\n\n\n<p>A kl\u00edm\u00e1k rendszeres takar\u00edt\u00e1sa fontos a kl\u00edma hat\u00e9kony m\u0171k\u00f6d\u00e9se \u00e9s az eg\u00e9szs\u00e9ges belt\u00e9ri leveg\u0151 biztos\u00edt\u00e1sa \u00e9rdek\u00e9ben. \u00c1ltal\u00e1noss\u00e1gban elmondhat\u00f3, hogy \u00e9vente legal\u00e1bb egyszer \u00e9rdemes elv\u00e9gezni a kl\u00edmatiszt\u00edt\u00e1st, de sz\u00e1mos t\u00e9nyez\u0151 befoly\u00e1solhatja azt, hogy milyen gyakran kell takar\u00edtani a kl\u00edm\u00e1t. N\u00e9h\u00e1ny ilyen t\u00e9nyez\u0151 a k\u00f6vetkez\u0151k lehetnek:<\/p>\n\n\n\n<ol type=\"1\">\n<li><span style=\"text-decoration: underline;\">Haszn\u00e1lat gyakoris\u00e1ga:<\/span> Ha a kl\u00edma gyakran haszn\u00e1latban van, akkor a takar\u00edt\u00e1sra is gyakrabban lehet sz\u00fcks\u00e9g. P\u00e9ld\u00e1ul, ha a kl\u00edma napi szinten \u00fczemel, akkor \u00e9rdemes legal\u00e1bb f\u00e9l\u00e9vente elv\u00e9gezni a takar\u00edt\u00e1st.<\/li>\n\n\n\n<li><span style=\"text-decoration: underline;\">K\u00f6rnyezeti t\u00e9nyez\u0151k<\/span>: Ha a kl\u00edma k\u00f6rnyezet\u00e9ben sok por, pollen vagy m\u00e1s szennyez\u0151 anyag van, akkor ezek gyorsabban lerak\u00f3dhatnak a kl\u00edm\u00e1ban, \u00e9s n\u00f6velhetik a takar\u00edt\u00e1s gyakoris\u00e1g\u00e1t.<\/li>\n\n\n\n<li><span style=\"text-decoration: underline;\">Lak\u00f3k eg\u00e9szs\u00e9gi \u00e1llapota<\/span>: Ha a kl\u00edm\u00e1t olyan helyen haszn\u00e1lj\u00e1k, ahol az emberek allergi\u00e1sak vagy asztm\u00e1sak, akkor \u00e9rdemes gyakrabban takar\u00edtani a kl\u00edm\u00e1t. Ez seg\u00edt megel\u0151zni az allergi\u00e1s reakci\u00f3kat \u00e9s jav\u00edtani a belt\u00e9ri leveg\u0151 min\u0151s\u00e9g\u00e9t.<\/li>\n<\/ol>\n\n\n\n<p><em><span style=\"text-decoration: underline;\">\u00d6sszess\u00e9g\u00e9ben, az \u00e9ves kl\u00edmatiszt\u00edt\u00e1s minimum aj\u00e1nlott, de sz\u00e1mos t\u00e9nyez\u0151 befoly\u00e1solhatja a takar\u00edt\u00e1s gyakoris\u00e1g\u00e1t.<\/span><\/em><\/p>\n\n\n\n<p><strong>Mennyi id\u0151t vesz ig\u00e9nybe a kl\u00edma tiszt\u00edt\u00e1sa?<\/strong><\/p>\n\n\n\n<p>A kl\u00edmamos\u00e1s k\u00f6r\u00fclbel\u00fcl 30-60 percet vesz ig\u00e9nybe. A tiszt\u00edt\u00e1s ideje a berendez\u00e9s szennyez\u0151d\u00f6tts\u00e9g\u00e9nek m\u00e9rt\u00e9k\u00e9t\u0151l f\u00fcgg.<\/p>\n\n\n\n<p><strong>Hol v\u00e1llalok kl\u00edmamos\u00e1st?<\/strong><\/p>\n\n\n\n<p>Szolg\u00e1ltat\u00e1saim Budapestre \u00e9s Pest megy\u00e9re terjednek ki. Budapesten bel\u00fcl <strong>a kisz\u00e1ll\u00e1s ingyenes<\/strong>, Pest megy\u00e9ben a kisz\u00e1ll\u00e1si d\u00edj 90 Ft\/km. <\/p>\n\n\n\n<p>Milyen szolg\u00e1ltat\u00e1sokat lehet ig\u00e9nybevenni?<\/p>\n\n\n\n<ul>\n<li>H\u00e1ztart\u00e1si split kl\u00edma belt\u00e9ri egys\u00e9g fert\u0151tlen\u00edt\u00e9se \u00e9s \u00e1tmos\u00e1sa<\/li>\n\n\n\n<li>K\u00fclt\u00e9ri egys\u00e9gek fert\u0151tlen\u00edt\u00e9se \u00e9s \u00e1tmos\u00e1sa<\/li>\n\n\n\n<li>Belt\u00e9ri egys\u00e9gek illatos\u00edt\u00e1sa<\/li>\n<\/ul>\n\n\n\n<p><strong>MI\u00c9RT \u00c9RDEMES A KLIMA-TAKARITAS.HU-T V\u00c1LASZTANI?<\/strong><\/p>\n\n\n\n<ul>\n<li>Gyors<\/li>\n\n\n\n<li>Hat\u00e9kony<\/li>\n\n\n\n<li>Megb\u00edzhat\u00f3<\/li>\n<\/ul>\n\n\n\n<p><strong>Ha szeretn\u00e9l jobb min\u0151s\u00e9g\u0171 leveg\u0151t a lak\u00e1sodban vagy az irod\u00e1dban, \u00e9s cs\u00f6kkenteni szeretn\u00e9d a kl\u00edmaberendez\u00e9s energiasz\u00fcks\u00e9glet\u00e9t, fordulj hozz\u00e1m bizalommal. Seg\u00edtek a kl\u00edm\u00e1d hat\u00e9kony tiszt\u00edt\u00e1s\u00e1ban, hogy eg\u00e9szs\u00e9gesebb \u00e9s k\u00e9nyelmesebb k\u00f6rnyezetet teremthess magadnak \u00e9s a k\u00f6rnyezetednek.<\/strong><\/p>\n\n\n\n<h2 class=\"wp-block-heading\" id=\"arak\"><strong>\u00c1raink<\/strong><\/h2>\n\n\n\n<figure class=\"wp-block-table is-style-regular has-small-font-size\"><table class=\"has-white-color has-standard-blue-background-color has-text-color has-background\"><tbody><tr><td class=\"has-text-align-center\" data-align=\"center\">1 db split kl\u00edma eset\u00e9n<\/td><td>19.900 Ft<\/td><\/tr><tr><td class=\"has-text-align-center\" data-align=\"center\">2 db split kl\u00edma eset\u00e9n<\/td><td>18.900 Ft \/ db<\/td><\/tr><tr><td class=\"has-text-align-center\" data-align=\"center\">3 db split kl\u00edma eset\u00e9n<\/td><td>17.900 Ft \/ db<\/td><\/tr><tr><td class=\"has-text-align-center\" data-align=\"center\">T\u00f6bb split kl\u00edma eset\u00e9n<\/td><td><em><a href=\"mailto: info@klima-takaritas.hu\" data-type=\"URL\">K\u00e9rjen egyedi aj\u00e1nlatot!<\/a><\/em><\/td><\/tr><tr><td class=\"has-text-align-center\" data-align=\"center\">K\u00fclt\u00e9ri egys\u00e9g mos\u00e1sa<\/td><td>+ 4500 Ft \/ db<\/td><\/tr><tr><td class=\"has-text-align-center\" data-align=\"center\">Kl\u00edma illatos\u00edt\u00e1sa<\/td><td>+ 1900 Ft \/ db<\/td><\/tr><\/tbody><\/table><figcaption class=\"wp-element-caption\"><strong>Budapesten bel\u00fcl a kisz\u00e1ll\u00e1s ingyenes!<\/strong><\/figcaption><\/figure>\n\n\n\n<p><\/p>\n\n\n\n<h2 class=\"wp-block-heading\" id=\"kapcsolat\"><strong>Kapcsolat<\/strong><\/h2>\n\n\n\n<p>Id\u0151pont-egyeztet\u00e9s\u00e9rt, egyedi aj\u00e1nlat k\u00e9r\u00e9s\u00e9rt vagy tov\u00e1bbi inform\u00e1ci\u00f3\u00e9rt keressen b\u00e1tran a lenti el\u00e9rhet\u0151s\u00e9gink valamelyik\u00e9n.<\/p>\n\n\n\n<p><\/p>\n\n\n\n<p class=\"has-text-align-center\"><span style=\"text-decoration: underline;\">Telefon:<\/span><strong> <\/strong><strong>+3<\/strong><strong>6\/70 949-33-60<\/strong><\/p>\n\n\n\n<p class=\"has-text-align-center\"><span style=\"text-decoration: underline;\">E-mail:<\/span> <a rel=\"noreferrer noopener\" href=\"mailto:info@klima-takaritas.hu\" target=\"_blank\">info@klima-takaritas.hu<\/a><\/p>\n\n\n\n<div style=\"height:287px\" aria-hidden=\"true\" class=\"wp-block-spacer\"><\/div>\n","protected":false},"excerpt":{"rendered":"<p>Bemutatkoz\u00e1s \u00c9n vagyok az a szakember, aki seg\u00edt abban, hogy kl\u00edm\u00e1d mindig tiszta \u00e9s hat\u00e9kony legyen. V\u00e1llalkoz\u00e1som a kl\u00edm\u00e1k tiszt\u00edt\u00e1s\u00e1ra specializ\u00e1l\u00f3dott, \u00e9s seg\u00edtek az \u00fcgyfeleimnek abban, hogy a l\u00e9gkondicion\u00e1l\u00f3juk mindig a lehet\u0151 legjobb hat\u00e1sfokkal m\u0171k\u00f6dj\u00f6n. A kl\u00edma rendszeres tiszt\u00edt\u00e1sa kulcsfontoss\u00e1g\u00fa a hat\u00e9kony m\u0171k\u00f6d\u00e9s\u00e9hez, \u00e9s sz\u00e1mos el\u0151nnyel j\u00e1r. A takar\u00edtatlan kl\u00edmaberendez\u00e9sek nagym\u00e9rt\u00e9kben terjeszthetik a port, allerg\u00e9n &#8230; <a title=\"\" class=\"read-more\" href=\"https:\/\/klima-takaritas.hu\/\" aria-label=\"Tov\u00e1bbiak \">Olvass tov\u00e1bb<\/a><\/p>\n","protected":false},"author":1,"featured_media":0,"parent":0,"menu_order":0,"comment_status":"closed","ping_status":"closed","template":"","meta":[],"_links":{"self":[{"href":"https:\/\/klima-takaritas.hu\/index.php\/wp-json\/wp\/v2\/pages\/2"}],"collection":[{"href":"https:\/\/klima-takaritas.hu\/index.php\/wp-json\/wp\/v2\/pages"}],"about":[{"href":"https:\/\/klima-takaritas.hu\/index.php\/wp-json\/wp\/v2\/types\/page"}],"author":[{"embeddable":true,"href":"https:\/\/klima-takaritas.hu\/index.php\/wp-json\/wp\/v2\/users\/1"}],"replies":[{"embeddable":true,"href":"https:\/\/klima-takaritas.hu\/index.php\/wp-json\/wp\/v2\/comments?post=2"}],"version-history":[{"count":40,"href":"https:\/\/klima-takaritas.hu\/index.php\/wp-json\/wp\/v2\/pages\/2\/revisions"}],"predecessor-version":[{"id":197,"href":"https:\/\/klima-takaritas.hu\/index.php\/wp-json\/wp\/v2\/pages\/2\/revisions\/197"}],"wp:attachment":[{"href":"https:\/\/klima-takaritas.hu\/index.php\/wp-json\/wp\/v2\/media?parent=2"}],"curies":[{"name":"wp","href":"https:\/\/api.w.org\/{rel}","templated":true}]}}